{"id":8,"date":"2022-01-17T02:52:13","date_gmt":"2022-01-17T05:52:13","guid":{"rendered":"http:\/\/www.djdanna.com\/novo\/?page_id=8"},"modified":"2026-02-02T08:50:36","modified_gmt":"2026-02-02T11:50:36","slug":"release","status":"publish","type":"page","link":"https:\/\/www.djdanna.com\/novo\/release\/","title":{"rendered":"Release"},"content":{"rendered":"<p><div class=\"slider-wrapper theme-dark\"><div class=\"ribbon\"><\/div><div id=\"nivoslider-XccdW-865\" class=\"nivoSlider\"><img decoding=\"async\" src=\"https:\/\/www.djdanna.com\/novo\/wp-content\/uploads\/2020\/05\/nivo_danna01-1024x160-1.jpg\" alt=\"\" \/><img decoding=\"async\" src=\"https:\/\/www.djdanna.com\/novo\/wp-content\/uploads\/2020\/05\/nivo_danna03-1024x160-1.jpg\" alt=\"\" \/><img decoding=\"async\" src=\"https:\/\/www.djdanna.com\/novo\/wp-content\/uploads\/2020\/05\/nivo_danna02-1024x160-1.jpg\" alt=\"\" \/><\/div><\/div><script type=\"text\/javascript\">\nwindow.onload = function(){\n    jQuery(\"#nivoslider-XccdW-865\").nivoSlider({\n        effect:\"fade\",\n        slices:15,\n        boxCols:8,\n        boxRows:4,\n        animSpeed:500,\n        pauseTime:3000,\n        startSlide:0,\n        directionNav:true,\n        controlNav:true,\n        controlNavThumbs:false,\n        pauseOnHover:true,\n        manualAdvance:false\n    });\n};\n<\/script>\n <div class=\"slider-wrapper theme-dark\"><div class=\"ribbon\"><\/div><div id=\"nivoslider-6iyp9-865\" class=\"nivoSlider\"><img decoding=\"async\" src=\"https:\/\/www.djdanna.com\/novo\/wp-content\/uploads\/2020\/05\/nivo_danna01-1024x160-1.jpg\" alt=\"\" \/><img decoding=\"async\" src=\"https:\/\/www.djdanna.com\/novo\/wp-content\/uploads\/2020\/05\/nivo_danna03-1024x160-1.jpg\" alt=\"\" \/><img decoding=\"async\" src=\"https:\/\/www.djdanna.com\/novo\/wp-content\/uploads\/2020\/05\/nivo_danna02-1024x160-1.jpg\" alt=\"\" \/><\/div><\/div><script type=\"text\/javascript\">\nwindow.onload = function(){\n    jQuery(\"#nivoslider-6iyp9-865\").nivoSlider({\n        effect:\"fade\",\n        slices:15,\n        boxCols:8,\n        boxRows:4,\n        animSpeed:500,\n        pauseTime:3000,\n        startSlide:0,\n        directionNav:true,\n        controlNav:true,\n        controlNavThumbs:false,\n        pauseOnHover:true,\n        manualAdvance:false\n    });\n};\n<\/script>\n<\/p>\r\n<hr \/>\r\n<p style=\"text-align: center;\"><strong>RELEASE<\/strong><\/p>\r\n<p>&nbsp;<\/p>\r\n<p>Feeling apurado, versatilidade e carisma aliados com bom gosto musical garantem o sucesso das apresenta\u00e7\u00f5es do dj Danna em qualquer pista.<\/p>\r\n<p>Iniciou sua carreira profissional nos anos 90 passando pelos melhores clubes e eventos do Brasil e Uruguai, sendo hoje um dos djs mais requisitados para eventos no sul do pa\u00eds.<\/p>\r\n<p>Danna iniciou sua carreira nos anos 90 passando por importantes eventos e club\u2019s . Seu set composto por house e vertentes conta com com grooves e melodias contagiantes que aliados a sua versatilidade, carisma e feeling apurado, garantem o sucesso de suas apresenta\u00e7\u00f5es em qualquer pista.<\/p>\r\n<p>Foi dj residente do lend\u00e1rio IBIZA Club Atl\u00e2ntida e Gramado, al\u00e9m de club\u2019s como: iT Club, \u00c1rea Fellini , Way, Luau Club Land, Voice, La Susana (Punta del Este) e La Barra.<\/p>\r\n<p>Participou de importantes eventos da m\u00fasica como <b>Planeta<\/b> <b>Atl\u00e2ntida<\/b><b>, Carpe Vita<\/b>, <strong>Green Valley Weekend<\/strong>, <b>HED KANDI <\/b>(Punta del Este e Gramado), MINISTRY OF SOUND Tour, Budha Bar WT, Pearl Punta del Este, CORES (Canela), entre diversos outros.\u00a0<\/p>\r\n<p>Danna j\u00e1 se apresentou em diversos clubs do pa\u00eds como: Club 688, Caf\u00e9 de la Musique, Faro, Chairs Lounge, Kimik, Meat Club, NEO e Ocidente, Curitiba (Lique), Punta Del Este \u2013 UY (La Susana, Parador Solana Geckos e Ocean Club), Passo Fundo (Moinho Lounge), Novo Hamburgo (Sense), Santa Maria (Absinto Hall), Santa Cruz (Spirit), Atl\u00e2ntida (Ibiza, Una Beach Club e Afrika), Gramado (Ibiza e Botequim Santana), Jurer\u00ea Internacional \u2013 SC (Ibiza), entre outros.<\/p>\r\n<p>Tocou ao lado de grandes djs como <b>Kaskade<\/b><b>, Vintage Culture<\/b>, Nora en Pure, <b>Tiesto<\/b>, <b>Roger Sanchez<\/b>, EDX, Arno Cost, <b>Richard Grey<\/b>, AN21, <b>Grant Nelson<\/b>, Ricky Ryan, Manuel de la Mare, Ravin (Budha Bar), Christian Luke e diversos outros.<\/p>\r\n<p>\u00c9 um dos djs mais requisitados para eventos no sul do pa\u00eds, contando com mais de 2000 festas entre casamentos, formaturas, 15 anos e club\u2019s em seu curr\u00edculo. Atua principalmente no Rio Grande do Sul com foco na serra ga\u00facha, mas tamb\u00e9m fora do estado como em eventos que participou em <b>Fernando de Noronha <\/b>(PE), <b>Punta<\/b><b> Del <\/b><b>E<\/b><b>ste <\/b>(UY), <b>Florian\u00f3polis<\/b> (SC), <b>S\u00e3o Paulo <\/b>(SP), <b>Curitiba<\/b> (PR) e <b>Jos\u00e9 Ign\u00e1cio <\/b>(UY).<\/p>\r\n<p>Atualiza\u00e7\u00e3o constante e know-how do dj somados ao gosto musical dos clientes fazem cada festa ser uma experi\u00eancia \u00fanica e inesquec\u00edvel.<\/p>\r\n<hr \/>\r\n<section class=\"zoom-social-icons-shortcode\">\n\t\t\n<ul class=\"zoom-social-icons-list zoom-social-icons-list--with-canvas zoom-social-icons-list--rounded zoom-social-icons-list--align-center zoom-social-icons-list--no-labels\">\n\n\t\t\n\t\t\t\t<li class=\"zoom-social_icons-list__item\">\n\t\t<a class=\"zoom-social_icons-list__link\" href=\"https:\/\/instagram.com\/djdanna\" target=\"_blank\" title=\"Instagram\" >\n\t\t\t\t\t\t\t\t\t\n\t\t\t\t\t\t<span class=\"screen-reader-text\">instagram<\/span>\n\t\t\t\n\t\t\t\t\t\t<span class=\"zoom-social_icons-list-span social-icon socicon socicon-instagram\" data-hover-rule=\"background-color\" data-hover-color=\"#e4405f\" style=\"background-color : #e4405f; font-size: 18px; padding:8px\" ><\/span>\n\t\t\t\n\t\t\t\t\t<\/a>\n\t<\/li>\n\n\t\n\t\t\t\t<li class=\"zoom-social_icons-list__item\">\n\t\t<a class=\"zoom-social_icons-list__link\" href=\"https:\/\/www.facebook.com\/djdanna\" target=\"_blank\" title=\"Facebook\" >\n\t\t\t\t\t\t\t\t\t\n\t\t\t\t\t\t<span class=\"screen-reader-text\">facebook<\/span>\n\t\t\t\n\t\t\t\t\t\t<span class=\"zoom-social_icons-list-span social-icon socicon socicon-facebook\" data-hover-rule=\"background-color\" data-hover-color=\"#0866FF\" style=\"background-color : #0866FF; font-size: 18px; padding:8px\" ><\/span>\n\t\t\t\n\t\t\t\t\t<\/a>\n\t<\/li>\n\n\t\n\t\t\t\t<li class=\"zoom-social_icons-list__item\">\n\t\t<a class=\"zoom-social_icons-list__link\" href=\"https:\/\/open.spotify.com\/user\/djdanna?si=476644f7081c4e60\" target=\"_blank\" title=\"Spotify\" >\n\t\t\t\t\t\t\t\t\t\n\t\t\t\t\t\t<span class=\"screen-reader-text\">spotify<\/span>\n\t\t\t\n\t\t\t\t\t\t<span class=\"zoom-social_icons-list-span social-icon socicon socicon-spotify\" data-hover-rule=\"background-color\" data-hover-color=\"#1DB954\" style=\"background-color : #1DB954; font-size: 18px; padding:8px\" ><\/span>\n\t\t\t\n\t\t\t\t\t<\/a>\n\t<\/li>\n\n\t\n\t\t\t\t<li class=\"zoom-social_icons-list__item\">\n\t\t<a class=\"zoom-social_icons-list__link\" href=\"https:\/\/soundcloud.com\/dannadj\" target=\"_blank\" title=\"Soundcloud\" >\n\t\t\t\t\t\t\t\t\t\n\t\t\t\t\t\t<span class=\"screen-reader-text\">soundcloud<\/span>\n\t\t\t\n\t\t\t\t\t\t<span class=\"zoom-social_icons-list-span social-icon socicon socicon-soundcloud\" data-hover-rule=\"background-color\" data-hover-color=\"#fe3801\" style=\"background-color : #fe3801; font-size: 18px; padding:8px\" ><\/span>\n\t\t\t\n\t\t\t\t\t<\/a>\n\t<\/li>\n\n\t\n\t\t\t\t<li class=\"zoom-social_icons-list__item\">\n\t\t<a class=\"zoom-social_icons-list__link\" href=\"https:\/\/www.youtube.com\/@deejaydanna\" target=\"_blank\" title=\"Youtube\" >\n\t\t\t\t\t\t\t\t\t\n\t\t\t\t\t\t<span class=\"screen-reader-text\">youtube<\/span>\n\t\t\t\n\t\t\t\t\t\t<span class=\"zoom-social_icons-list-span social-icon socicon socicon-youtube\" data-hover-rule=\"background-color\" data-hover-color=\"#e02a20\" style=\"background-color : #e02a20; font-size: 18px; padding:8px\" ><\/span>\n\t\t\t\n\t\t\t\t\t<\/a>\n\t<\/li>\n\n\t\n<\/ul>\n\n\t\t<\/section>","protected":false},"excerpt":{"rendered":"<p>RELEASE &nbsp; Feeling apurado, versatilidade e carisma aliados com bom gosto musical garantem o sucesso das apresenta\u00e7\u00f5es do dj Danna em qualquer pista. Iniciou sua carreira profissional nos anos 90 <a href=\"https:\/\/www.djdanna.com\/novo\/release\/\" class=\"more-link\">&#8230;<span class=\"screen-reader-text\">  Release<\/span><\/a><\/p>\n","protected":false},"author":1,"featured_media":0,"parent":0,"menu_order":0,"comment_status":"closed","ping_status":"closed","template":"","meta":{"footnotes":""},"class_list":["post-8","page","type-page","status-publish","hentry"],"_links":{"self":[{"href":"https:\/\/www.djdanna.com\/novo\/wp-json\/wp\/v2\/pages\/8","targetHints":{"allow":["GET"]}}],"collection":[{"href":"https:\/\/www.djdanna.com\/novo\/wp-json\/wp\/v2\/pages"}],"about":[{"href":"https:\/\/www.djdanna.com\/novo\/wp-json\/wp\/v2\/types\/page"}],"author":[{"embeddable":true,"href":"https:\/\/www.djdanna.com\/novo\/wp-json\/wp\/v2\/users\/1"}],"replies":[{"embeddable":true,"href":"https:\/\/www.djdanna.com\/novo\/wp-json\/wp\/v2\/comments?post=8"}],"version-history":[{"count":3,"href":"https:\/\/www.djdanna.com\/novo\/wp-json\/wp\/v2\/pages\/8\/revisions"}],"predecessor-version":[{"id":1357,"href":"https:\/\/www.djdanna.com\/novo\/wp-json\/wp\/v2\/pages\/8\/revisions\/1357"}],"wp:attachment":[{"href":"https:\/\/www.djdanna.com\/novo\/wp-json\/wp\/v2\/media?parent=8"}],"curies":[{"name":"wp","href":"https:\/\/api.w.org\/{rel}","templated":true}]}}